{"id":279,"date":"2026-03-23T20:45:18","date_gmt":"2026-03-23T19:45:18","guid":{"rendered":"https:\/\/apollopurjeet.fi\/design\/"},"modified":"2026-04-02T11:15:37","modified_gmt":"2026-04-02T09:15:37","slug":"design","status":"publish","type":"page","link":"https:\/\/apollopurjeet.fi\/sv\/design\/","title":{"rendered":"Design"},"content":{"rendered":"\n<div class=\"wp-block-group is-layout-flow wp-block-group-is-layout-flow\">\n<div class=\"wp-block-columns is-layout-flex wp-container-core-columns-is-layout-9d6595d7 wp-block-columns-is-layout-flex\">\n<div class=\"wp-block-column is-layout-flow wp-block-column-is-layout-flow\">\n<h2 class=\"wp-block-heading\"><strong>V\u00e5r designprocess<\/strong><\/h2>\n\n\n\n<p>Hos oss f\u00e5r du ett segel som fungerar och som \u00e4r vackert att se p\u00e5. Du kan v\u00e4lja f\u00e4rgs\u00e4ttning, detaljer och grafiska element som passar din b\u00e5ts stil och din egen smak. Vi hj\u00e4lper till med planeringen s\u00e5 att slutresultatet blir b\u00e5de tekniskt v\u00e4lfungerande och visuellt genomarbetat.  <\/p>\n\n\n\n<p>Alla v\u00e5ra segel designas med datorstyrda 3D-program f\u00f6r att exakt motsvara din b\u00e5ts m\u00e5tt och din seglingstil. Varje segel \u00e4r unikt och skr\u00e4ddarsytt. P\u00e5 s\u00e5 s\u00e4tt s\u00e4kerst\u00e4ller vi att du f\u00e5r ett segel som t\u00e4mjer vinden och t\u00e5l kr\u00e4vande havsf\u00f6rh\u00e5llanden.  <\/p>\n\n\n\n<p>I designen f\u00f6renas toppmodern teknologi, seglarens f\u00f6rst\u00e5else och de b\u00e4sta tillg\u00e4ngliga materialen. Resultatet blir ett segel som tj\u00e4nar b\u00e5ten och sj\u00f6fararen.  <\/p>\n<\/div>\n\n\n\n<div class=\"wp-block-column is-layout-flow wp-block-column-is-layout-flow\">\n<figure class=\"wp-block-image size-full\"><img loading=\"lazy\" decoding=\"async\" width=\"400\" height=\"400\" src=\"https:\/\/apollopurjeet.fi\/wp-content\/uploads\/2026\/03\/image-40.jpeg\" alt=\"\" class=\"wp-image-190\" srcset=\"https:\/\/apollopurjeet.fi\/wp-content\/uploads\/2026\/03\/image-40.jpeg 400w, https:\/\/apollopurjeet.fi\/wp-content\/uploads\/2026\/03\/image-40-300x300.jpeg 300w, https:\/\/apollopurjeet.fi\/wp-content\/uploads\/2026\/03\/image-40-150x150.jpeg 150w\" sizes=\"(max-width: 400px) 100vw, 400px\" \/><\/figure>\n<\/div>\n<\/div>\n<\/div>\n\n<div style=\"height:100px\" aria-hidden=\"true\" class=\"wp-block-spacer\"><\/div>\n\n<div class=\"wp-block-group is-layout-grid wp-container-core-group-is-layout-6be84c55 wp-block-group-is-layout-grid\">\n<figure class=\"wp-block-image size-full\"><img loading=\"lazy\" decoding=\"async\" width=\"171\" height=\"300\" src=\"https:\/\/apollopurjeet.fi\/wp-content\/uploads\/2026\/03\/66e1c4a7261415991a61b06f_Gennaker-design_002.jpg\" alt=\"\" class=\"wp-image-191\" style=\"object-fit:cover\"\/><\/figure>\n\n\n\n<figure class=\"wp-block-image size-full\"><img loading=\"lazy\" decoding=\"async\" width=\"1047\" height=\"979\" src=\"https:\/\/apollopurjeet.fi\/wp-content\/uploads\/2026\/03\/66e1c4a72c8666d680b350ce_IMX-38-Genoa-1023038-B.jpg\" alt=\"\" class=\"wp-image-192\" style=\"aspect-ratio:1;object-fit:cover\" srcset=\"https:\/\/apollopurjeet.fi\/wp-content\/uploads\/2026\/03\/66e1c4a72c8666d680b350ce_IMX-38-Genoa-1023038-B.jpg 1047w, https:\/\/apollopurjeet.fi\/wp-content\/uploads\/2026\/03\/66e1c4a72c8666d680b350ce_IMX-38-Genoa-1023038-B-980x916.jpg 980w, https:\/\/apollopurjeet.fi\/wp-content\/uploads\/2026\/03\/66e1c4a72c8666d680b350ce_IMX-38-Genoa-1023038-B-480x449.jpg 480w\" sizes=\"(min-width: 0px) and (max-width: 480px) 480px, (min-width: 481px) and (max-width: 980px) 980px, (min-width: 981px) 1047px, 100vw\" \/><\/figure>\n<\/div>\n","protected":false},"excerpt":{"rendered":"<p>V\u00e5r designprocess Hos oss f\u00e5r du ett segel som fungerar och som \u00e4r vackert att se p\u00e5. Du kan v\u00e4lja f\u00e4rgs\u00e4ttning, detaljer och grafiska element som passar din b\u00e5ts stil och din egen smak. Vi hj\u00e4lper till med planeringen s\u00e5 att slutresultatet blir b\u00e5de tekniskt v\u00e4lfungerande och visuellt genomarbetat. Alla v\u00e5ra segel designas med datorstyrda [&hellip;]<\/p>\n","protected":false},"author":1,"featured_media":278,"parent":0,"menu_order":0,"comment_status":"closed","ping_status":"closed","template":"","meta":{"footnotes":""},"class_list":["post-279","page","type-page","status-publish","has-post-thumbnail","hentry"],"_links":{"self":[{"href":"https:\/\/apollopurjeet.fi\/sv\/wp-json\/wp\/v2\/pages\/279","targetHints":{"allow":["GET"]}}],"collection":[{"href":"https:\/\/apollopurjeet.fi\/sv\/wp-json\/wp\/v2\/pages"}],"about":[{"href":"https:\/\/apollopurjeet.fi\/sv\/wp-json\/wp\/v2\/types\/page"}],"author":[{"embeddable":true,"href":"https:\/\/apollopurjeet.fi\/sv\/wp-json\/wp\/v2\/users\/1"}],"replies":[{"embeddable":true,"href":"https:\/\/apollopurjeet.fi\/sv\/wp-json\/wp\/v2\/comments?post=279"}],"version-history":[{"count":1,"href":"https:\/\/apollopurjeet.fi\/sv\/wp-json\/wp\/v2\/pages\/279\/revisions"}],"predecessor-version":[{"id":280,"href":"https:\/\/apollopurjeet.fi\/sv\/wp-json\/wp\/v2\/pages\/279\/revisions\/280"}],"wp:featuredmedia":[{"embeddable":true,"href":"https:\/\/apollopurjeet.fi\/sv\/wp-json\/wp\/v2\/media\/278"}],"wp:attachment":[{"href":"https:\/\/apollopurjeet.fi\/sv\/wp-json\/wp\/v2\/media?parent=279"}],"curies":[{"name":"wp","href":"https:\/\/api.w.org\/{rel}","templated":true}]}}