{"id":293,"date":"2026-03-23T17:28:26","date_gmt":"2026-03-23T16:28:26","guid":{"rendered":"https:\/\/apollopurjeet.fi\/start\/"},"modified":"2026-04-02T12:26:45","modified_gmt":"2026-04-02T10:26:45","slug":"start","status":"publish","type":"page","link":"https:\/\/apollopurjeet.fi\/sv\/","title":{"rendered":"Start"},"content":{"rendered":"\n<div class=\"wp-block-group has-background is-layout-flow wp-block-group-is-layout-flow\" style=\"background-color:#eff4fa\">\n<div style=\"height:73px\" aria-hidden=\"true\" class=\"wp-block-spacer\"><\/div>\n\n\n\n<div class=\"wp-block-columns is-layout-flex wp-container-core-columns-is-layout-9d6595d7 wp-block-columns-is-layout-flex\">\n<div class=\"wp-block-column is-layout-flow wp-block-column-is-layout-flow\">\n<h2 class=\"wp-block-heading\" id=\"w-node-bb357797-cfa6-ec90-0556-cee60396496e-03839bf4\"><strong>Segel med ett maritimt arv \u2013 designade f\u00f6r din b\u00e5t, gjorda f\u00f6r vinden<\/strong><\/h2>\n\n\n\n<p>En seglare k\u00e4nner havet och vinden. V\u00e5r mer \u00e4n 20 \u00e5rs erfarenhet bildar ett maritimt arv som har v\u00e4glett design och tillverkning av segel.  <\/p>\n\n\n\n<p>Vi tillverkar varje segel individuellt, baserat p\u00e5 dina \u00f6nskem\u00e5l, din b\u00e5t och havets f\u00f6rh\u00e5llanden, och med seglarens f\u00f6rst\u00e5else.<\/p>\n<\/div>\n\n\n\n<div class=\"wp-block-column is-layout-flow wp-block-column-is-layout-flow\">\n<figure class=\"wp-block-image size-large wp-container-content-f67f277b\"><img loading=\"lazy\" decoding=\"async\" width=\"1024\" height=\"680\" src=\"https:\/\/apollopurjeet.fi\/wp-content\/uploads\/2026\/03\/image-1024x680.png\" alt=\"\" class=\"wp-image-14\" srcset=\"https:\/\/apollopurjeet.fi\/wp-content\/uploads\/2026\/03\/image-1024x680.png 1024w, https:\/\/apollopurjeet.fi\/wp-content\/uploads\/2026\/03\/image-980x651.png 980w, https:\/\/apollopurjeet.fi\/wp-content\/uploads\/2026\/03\/image-480x319.png 480w\" sizes=\"(min-width: 0px) and (max-width: 480px) 480px, (min-width: 481px) and (max-width: 980px) 980px, (min-width: 981px) 1024px, 100vw\" \/><\/figure>\n<\/div>\n<\/div>\n\n\n\n<h4 class=\"wp-block-heading\"><strong>Segel skr\u00e4ddarsydda<\/strong><\/h4>\n\n\n\n<p>Vi tillverkar segel som uppfyller kraven f\u00f6r din b\u00e5t och din seglingsstil. Vi anv\u00e4nder toppmodern 3D-designprogramvara och lasersk\u00e4rningsteknik f\u00f6r att s\u00e4kerst\u00e4lla att varje panel passar perfekt och presterar optimalt. <\/p>\n\n\n\n<p>Vi designar och tillverkar storsegel, rullsegel, genua, focker, gennaker och spinnaker individuellt. Varje segel skr\u00e4ddarsys efter kundens \u00f6nskem\u00e5l, b\u00e5tens struktur och seglingsf\u00f6rh\u00e5llanden. V\u00e5rt m\u00e5l \u00e4r att optimera prestandan och f\u00f6rl\u00e4nga seglets livsl\u00e4ngd.  <\/p>\n\n\n\n<h4 class=\"wp-block-heading\"><strong>Kvalitet och service<\/strong><\/h4>\n\n\n\n<p>V\u00e5ra segel tillverkas av erfarna segelmakare. Varje produktionssteg genomg\u00e5r strikt kvalitetskontroll. Vi erbjuder tv\u00e5 \u00e5rs garanti p\u00e5 v\u00e5ra segel.   <\/p>\n\n\n\n<p>V\u00e5rt professionella team svarar snabbt och expertm\u00e4ssigt p\u00e5 dina fr\u00e5gor. Vi hj\u00e4lper dig att v\u00e4lja r\u00e4tt l\u00f6sning f\u00f6r din b\u00e5t och seglingsstil. Hos oss f\u00e5r du ett segel som fungerar \u2013 och k\u00e4nns som ditt eget.   <\/p>\n\n\n\n<p>V\u00e5ra segel \u00e4r skapade av en kombination av hantverk, precision och noggrant utvalda material. Vi har samarbetat med Narwal Sails, som ligger i Gdansk, Polen, sedan 2009. Vi v\u00e4ljer segeltyger fr\u00e5n v\u00e4rldens b\u00e4sta tillverkare utifr\u00e5n din b\u00e5ttyp och seglingsstil.   <\/p>\n\n\n\n<div class=\"wp-block-columns is-layout-flex wp-container-core-columns-is-layout-9d6595d7 wp-block-columns-is-layout-flex\">\n<div class=\"wp-block-column is-layout-flow wp-block-column-is-layout-flow\">\n<p><strong>V\u00e5ra kreditleverant\u00f6rer<\/strong><\/p>\n\n\n\n<ul class=\"wp-block-list\">\n<li>Dimension Polyant<\/li>\n\n\n\n<li>Contender<\/li>\n\n\n\n<li>Selden<\/li>\n\n\n\n<li>Facnorin<\/li>\n\n\n\n<li>Profurl <\/li>\n\n\n\n<li>Harken<\/li>\n\n\n\n<li>Wichard<\/li>\n<\/ul>\n<\/div>\n\n\n\n<div class=\"wp-block-column is-layout-flow wp-block-column-is-layout-flow\">\n<div class=\"wp-block-buttons is-layout-flex wp-block-buttons-is-layout-flex\">\n<div class=\"wp-block-button has-custom-width wp-block-button__width-100\"><a class=\"wp-block-button__link wp-element-button\" href=\"&lt;!--[CDATA[https:\/\/apollopurjeet.fi\/purjeet\/]]--&gt;\">L\u00e4r k\u00e4nna seglen<\/a><\/div>\n<\/div>\n<\/div>\n<\/div>\n\n\n\n<div style=\"height:79px\" aria-hidden=\"true\" class=\"wp-block-spacer\"><\/div>\n<\/div>\n\n<div style=\"height:100px\" aria-hidden=\"true\" class=\"wp-block-spacer\"><\/div>\n\n<div class=\"wp-block-group is-layout-flow wp-block-group-is-layout-flow\">\n<div class=\"wp-block-group is-layout-grid wp-container-core-group-is-layout-baef362d wp-block-group-is-layout-grid\">\n<div class=\"wp-block-group is-vertical is-layout-flex wp-container-core-group-is-layout-8cf370e7 wp-block-group-is-layout-flex\">\n<div class=\"wp-block-columns is-not-stacked-on-mobile is-layout-flex wp-container-core-columns-is-layout-9d6595d7 wp-block-columns-is-layout-flex\">\n<div class=\"wp-block-column is-content-justification-left is-layout-constrained wp-container-core-column-is-layout-8c890d92 wp-block-column-is-layout-constrained\">\n<figure class=\"wp-block-image alignleft size-full is-resized\"><img loading=\"lazy\" decoding=\"async\" width=\"357\" height=\"945\" src=\"https:\/\/apollopurjeet.fi\/wp-content\/uploads\/2026\/03\/66d835a09898619e03839cf2_11.png\" alt=\"\" class=\"wp-image-68\" style=\"aspect-ratio:0.3777797850239364;object-fit:cover;width:auto;height:300px\" srcset=\"https:\/\/apollopurjeet.fi\/wp-content\/uploads\/2026\/03\/66d835a09898619e03839cf2_11.png 357w, https:\/\/apollopurjeet.fi\/wp-content\/uploads\/2026\/03\/66d835a09898619e03839cf2_11-113x300.png 113w\" sizes=\"(max-width: 357px) 100vw, 357px\" \/><\/figure>\n<\/div>\n\n\n\n<div class=\"wp-block-column is-content-justification-right is-layout-constrained wp-container-core-column-is-layout-07b51d56 wp-block-column-is-layout-constrained\">\n<figure class=\"wp-block-image size-full is-resized\"><img loading=\"lazy\" decoding=\"async\" width=\"154\" height=\"304\" src=\"https:\/\/apollopurjeet.fi\/wp-content\/uploads\/2026\/03\/66d835a09898619e03839c82_Cross-cutFurlingHeadsail.png\" alt=\"\" class=\"wp-image-69\" style=\"aspect-ratio:0.5065963060686016;object-fit:cover;width:auto;height:300px\" srcset=\"https:\/\/apollopurjeet.fi\/wp-content\/uploads\/2026\/03\/66d835a09898619e03839c82_Cross-cutFurlingHeadsail.png 154w, https:\/\/apollopurjeet.fi\/wp-content\/uploads\/2026\/03\/66d835a09898619e03839c82_Cross-cutFurlingHeadsail-152x300.png 152w\" sizes=\"(max-width: 154px) 100vw, 154px\" \/><\/figure>\n<\/div>\n<\/div>\n\n\n\n<div class=\"wp-block-group is-layout-constrained wp-block-group-is-layout-constrained\">\n<h3 class=\"wp-block-heading\">Cruising segel<\/h3>\n\n\n\n<p>A-Sail-segel tillverkas alltid efter dina \u00f6nskem\u00e5l och behov. Vi tar h\u00e4nsyn till olika b\u00e5tar, budgetar och seglingsstilar \u2013 kappsegling \u00e4r en annan b\u00e5t och attityd \u00e4n n\u00e4r man seglar hemma.  <br\/><br\/>V\u00e5rt jobb \u00e4r att ansvara f\u00f6r kvaliteten s\u00e5 att seglaren kan lita p\u00e5 sin b\u00e5t och njuta av vinden.<br\/>\u200d<br\/>Behov och \u00f6nskem\u00e5l \u00e4r individuella och det \u00e4r \u00e4ven de seglen vi tillverkar. V\u00e5ra segelmakare b\u00f6rjar f\u00f6rst arbeta n\u00e4r vi f\u00e5r exakta \u00f6nskem\u00e5l om slutresultatet. Vi tar h\u00e4nsyn till olika tyger, UV-skydd, rullsystem, b\u00e5tmodeller och former samt andra special\u00f6nskem\u00e5l i designen.   <br\/><br\/>Vi \u00e4r ocks\u00e5 alltid redo att diskutera det gemensamma m\u00e5let \u2013 vi str\u00e4var efter att investeringen i ett nytt segel ska ge varaktig och funktionell gl\u00e4dje och nytta \u2013 fr\u00e5n v\u00e5g till v\u00e5g.<br\/><br\/><strong><a href=\"https:\/\/apollopurjeet.fi\/yhteystiedot\/\" data-type=\"page\" data-id=\"194\">Kontakta oss !<\/a><\/strong><\/p>\n<\/div>\n\n\n\n<figure class=\"wp-block-image size-full is-style-default wp-container-content-8d1725e3\"><img loading=\"lazy\" decoding=\"async\" width=\"500\" height=\"375\" src=\"https:\/\/apollopurjeet.fi\/wp-content\/uploads\/2026\/03\/66d835a09898619e03839c61_KASKO-p-500.jpg\" alt=\"\" class=\"wp-image-18\" style=\"aspect-ratio:4\/3;object-fit:cover\" srcset=\"https:\/\/apollopurjeet.fi\/wp-content\/uploads\/2026\/03\/66d835a09898619e03839c61_KASKO-p-500.jpg 500w, https:\/\/apollopurjeet.fi\/wp-content\/uploads\/2026\/03\/66d835a09898619e03839c61_KASKO-p-500-480x360.jpg 480w\" sizes=\"(min-width: 0px) and (max-width: 480px) 480px, (min-width: 481px) 500px, 100vw\" \/><\/figure>\n<\/div>\n\n\n\n<div class=\"wp-block-group is-vertical is-layout-flex wp-container-core-group-is-layout-8cf370e7 wp-block-group-is-layout-flex\">\n<div class=\"wp-block-columns is-layout-flex wp-container-core-columns-is-layout-9d6595d7 wp-block-columns-is-layout-flex\">\n<div class=\"wp-block-column is-layout-flow wp-block-column-is-layout-flow\">\n<figure class=\"wp-block-image size-full is-resized\"><img loading=\"lazy\" decoding=\"async\" width=\"380\" height=\"940\" src=\"https:\/\/apollopurjeet.fi\/wp-content\/uploads\/2026\/03\/66d835a09898619e03839cf3_22.png\" alt=\"\" class=\"wp-image-70\" style=\"width:auto;height:300px\" srcset=\"https:\/\/apollopurjeet.fi\/wp-content\/uploads\/2026\/03\/66d835a09898619e03839cf3_22.png 380w, https:\/\/apollopurjeet.fi\/wp-content\/uploads\/2026\/03\/66d835a09898619e03839cf3_22-121x300.png 121w\" sizes=\"(max-width: 380px) 100vw, 380px\" \/><\/figure>\n<\/div>\n\n\n\n<div class=\"wp-block-column is-layout-flow wp-block-column-is-layout-flow\">\n<figure class=\"wp-block-image alignright size-full is-resized\"><img loading=\"lazy\" decoding=\"async\" width=\"159\" height=\"300\" src=\"https:\/\/apollopurjeet.fi\/wp-content\/uploads\/2026\/03\/66d835a09898619e03839cf4_33.png\" alt=\"\" class=\"wp-image-71\" style=\"width:auto;height:300px\"\/><\/figure>\n<\/div>\n<\/div>\n\n\n\n<div class=\"wp-block-group is-layout-constrained wp-block-group-is-layout-constrained\">\n<h3 class=\"wp-block-heading\">Racingsegel \u2013 designade f\u00f6r att vinna<\/h3>\n\n\n\n<p>Racingsegel \u00e4r en blandning av passion och kompromissl\u00f6s professionalism. Racingsegel designas och tillverkas med precision av h\u00f6gsta klass. Varje segel finslipas f\u00f6r att optimera samarbetet mellan b\u00e5ten och vinden.   <br\/><br\/>Vi anv\u00e4nder den senaste designtekniken, s\u00e5som SMAR Azure -plattformen, som m\u00f6jligg\u00f6r millimeterprecis design och optimering. Varje segel skapas utifr\u00e5n en kombination av data, erfarenhet och hantverksskicklighet \u2013 och varje detalj tj\u00e4nar hastighet. <br\/><br\/>Vi tillverkar racingsegel av membran, panellaminat och v\u00e4vda tyger av h\u00f6gsta kvalitet. V\u00e5rt sortiment t\u00e4cker olika b\u00e5tar och budgetar \u2013 men det som alla har gemensamt \u00e4r prestanda som t\u00e5l t\u00e4vlingspressen. <br\/><br\/>V\u00e5ra partners har m\u00e5nga \u00e5rs erfarenhet av klubb-, regatta- och offshore-kappsegling. Deras framg\u00e5ngar p\u00e5 olika t\u00e4vlingsbanor talar f\u00f6r sig sj\u00e4lva \u2013 och f\u00f6r v\u00e5ra segel.  <strong><a href=\"https:\/\/apollopurjeet.fi\/yhteystiedot\/\" data-type=\"page\" data-id=\"194\">Kontakta oss \u2013 vi designar ett segel som tar dig till prispallen. !<\/a><\/strong><\/p>\n<\/div>\n\n\n\n<figure class=\"wp-block-image size-full\"><img loading=\"lazy\" decoding=\"async\" width=\"1086\" height=\"724\" src=\"https:\/\/apollopurjeet.fi\/wp-content\/uploads\/2026\/03\/66d835a09898619e03839c98_Kilpapurjeet-1.webp\" alt=\"\" class=\"wp-image-19\" style=\"aspect-ratio:4\/3;object-fit:cover\" srcset=\"https:\/\/apollopurjeet.fi\/wp-content\/uploads\/2026\/03\/66d835a09898619e03839c98_Kilpapurjeet-1.webp 1086w, https:\/\/apollopurjeet.fi\/wp-content\/uploads\/2026\/03\/66d835a09898619e03839c98_Kilpapurjeet-1-980x653.webp 980w, https:\/\/apollopurjeet.fi\/wp-content\/uploads\/2026\/03\/66d835a09898619e03839c98_Kilpapurjeet-1-480x320.webp 480w\" sizes=\"(min-width: 0px) and (max-width: 480px) 480px, (min-width: 481px) and (max-width: 980px) 980px, (min-width: 981px) 1086px, 100vw\" \/><\/figure>\n<\/div>\n<\/div>\n<\/div>\n\n<div style=\"height:100px\" aria-hidden=\"true\" class=\"wp-block-spacer\"><\/div>\n\n<div class=\"wp-block-group is-layout-flow wp-block-group-is-layout-flow\">\n<div class=\"wp-block-cover is-light\"><img loading=\"lazy\" decoding=\"async\" width=\"1024\" height=\"678\" class=\"wp-block-cover__image-background wp-image-20 size-large\" alt=\"\" src=\"https:\/\/apollopurjeet.fi\/wp-content\/uploads\/2026\/03\/66d835a09898619e03839c60_rasta_2011_87_49-1-1024x678.jpg\" data-object-fit=\"cover\" srcset=\"https:\/\/apollopurjeet.fi\/wp-content\/uploads\/2026\/03\/66d835a09898619e03839c60_rasta_2011_87_49-1-980x649.jpg 980w, https:\/\/apollopurjeet.fi\/wp-content\/uploads\/2026\/03\/66d835a09898619e03839c60_rasta_2011_87_49-1-480x318.jpg 480w\" sizes=\"(min-width: 0px) and (max-width: 480px) 480px, (min-width: 481px) and (max-width: 980px) 980px, (min-width: 981px) 1024px, 100vw\" \/><span aria-hidden=\"true\" class=\"wp-block-cover__background has-background-dim\" style=\"background-color:#b9babb\"><\/span><div class=\"wp-block-cover__inner-container is-layout-constrained wp-block-cover-is-layout-constrained\">\n<p class=\"has-text-align-center has-white-color has-text-color has-link-color has-large-font-size wp-elements-c30123da717ba2888549808790041a30\"><strong>A-Sail<\/strong><\/p>\n\n\n\n<p class=\"has-text-align-center has-white-color has-text-color has-link-color has-medium-font-size wp-elements-a84231e41eab3071df82ac9ef4b4a1dd\"><br\/>Vi tillverkar h\u00f6gkvalitativa segel p\u00e5 best\u00e4llning f\u00f6r segelb\u00e5tar. Vi erbjuder individuellt designade storsegel, rullsegel, genua, focker, gennaker och spinnaker. Vi anv\u00e4nder -segeldesignprogramvara och lasersk\u00e4rningsteknik f\u00f6r att uppn\u00e5 b\u00e4sta form och prestanda. V\u00e5ra segel \u00e4r tillverkade av h\u00f6gkvalitativa material fr\u00e5n Tyskland, Nederl\u00e4nderna och Sverige. Vi betj\u00e4nar seglare i Finland prisv\u00e4rt, med professionalism och tv\u00e5 \u00e5rs garanti. H\u00f6gkvalitativa finska segel fr\u00e5n en sann maritim professionell.     <\/p>\n\n\n\n<div class=\"wp-block-group is-layout-grid wp-container-core-group-is-layout-9649a0d9 wp-block-group-is-layout-grid\">\n<div class=\"wp-block-group has-white-background-color has-background is-layout-constrained wp-block-group-is-layout-constrained\">\n<figure class=\"wp-block-image size-full is-style-default\"><img loading=\"lazy\" decoding=\"async\" width=\"400\" height=\"123\" src=\"https:\/\/apollopurjeet.fi\/wp-content\/uploads\/2026\/03\/66d835a09898619e03839c2c_dimension-polyant-logo.png\" alt=\"\" class=\"wp-image-21\" srcset=\"https:\/\/apollopurjeet.fi\/wp-content\/uploads\/2026\/03\/66d835a09898619e03839c2c_dimension-polyant-logo.png 400w, https:\/\/apollopurjeet.fi\/wp-content\/uploads\/2026\/03\/66d835a09898619e03839c2c_dimension-polyant-logo-300x92.png 300w\" sizes=\"(max-width: 400px) 100vw, 400px\" \/><\/figure>\n<\/div>\n\n\n\n<div class=\"wp-block-group has-white-background-color has-background is-layout-constrained wp-block-group-is-layout-constrained\">\n<figure class=\"wp-block-image size-full is-style-default\"><img loading=\"lazy\" decoding=\"async\" width=\"1000\" height=\"318\" src=\"https:\/\/apollopurjeet.fi\/wp-content\/uploads\/2026\/03\/66d835a09898619e03839c2e_305030640_520473023416723_5854048681446497259_n.jpeg\" alt=\"\" class=\"wp-image-22\" srcset=\"https:\/\/apollopurjeet.fi\/wp-content\/uploads\/2026\/03\/66d835a09898619e03839c2e_305030640_520473023416723_5854048681446497259_n.jpeg 1000w, https:\/\/apollopurjeet.fi\/wp-content\/uploads\/2026\/03\/66d835a09898619e03839c2e_305030640_520473023416723_5854048681446497259_n-980x312.jpeg 980w, https:\/\/apollopurjeet.fi\/wp-content\/uploads\/2026\/03\/66d835a09898619e03839c2e_305030640_520473023416723_5854048681446497259_n-480x153.jpeg 480w\" sizes=\"(min-width: 0px) and (max-width: 480px) 480px, (min-width: 481px) and (max-width: 980px) 980px, (min-width: 981px) 1000px, 100vw\" \/><\/figure>\n<\/div>\n\n\n\n<div class=\"wp-block-group has-white-background-color has-background is-layout-constrained wp-block-group-is-layout-constrained\">\n<figure class=\"wp-block-image size-full is-style-default\"><img loading=\"lazy\" decoding=\"async\" width=\"591\" height=\"239\" src=\"https:\/\/apollopurjeet.fi\/wp-content\/uploads\/2026\/03\/66d835a09898619e03839c2b_298522028_483739850421975_4752666814022069218_n-e1692620734931.jpeg\" alt=\"\" class=\"wp-image-23\" srcset=\"https:\/\/apollopurjeet.fi\/wp-content\/uploads\/2026\/03\/66d835a09898619e03839c2b_298522028_483739850421975_4752666814022069218_n-e1692620734931.jpeg 591w, https:\/\/apollopurjeet.fi\/wp-content\/uploads\/2026\/03\/66d835a09898619e03839c2b_298522028_483739850421975_4752666814022069218_n-e1692620734931-480x194.jpeg 480w\" sizes=\"(min-width: 0px) and (max-width: 480px) 480px, (min-width: 481px) 591px, 100vw\" \/><\/figure>\n<\/div>\n\n\n\n<div class=\"wp-block-group has-white-background-color has-background is-layout-constrained wp-block-group-is-layout-constrained\">\n<figure class=\"wp-block-image size-full is-style-default\"><img loading=\"lazy\" decoding=\"async\" width=\"1217\" height=\"388\" src=\"https:\/\/apollopurjeet.fi\/wp-content\/uploads\/2026\/03\/66d835a09898619e03839c3a_Metalmor-logo.png\" alt=\"\" class=\"wp-image-24\" srcset=\"https:\/\/apollopurjeet.fi\/wp-content\/uploads\/2026\/03\/66d835a09898619e03839c3a_Metalmor-logo.png 1217w, https:\/\/apollopurjeet.fi\/wp-content\/uploads\/2026\/03\/66d835a09898619e03839c3a_Metalmor-logo-980x312.png 980w, https:\/\/apollopurjeet.fi\/wp-content\/uploads\/2026\/03\/66d835a09898619e03839c3a_Metalmor-logo-480x153.png 480w\" sizes=\"(min-width: 0px) and (max-width: 480px) 480px, (min-width: 481px) and (max-width: 980px) 980px, (min-width: 981px) 1217px, 100vw\" \/><\/figure>\n<\/div>\n<\/div>\n<\/div><\/div>\n\n\n\n<div style=\"height:100px\" aria-hidden=\"true\" class=\"wp-block-spacer\"><\/div>\n<\/div>\n","protected":false},"excerpt":{"rendered":"<p>Segel med ett maritimt arv \u2013 designade f\u00f6r din b\u00e5t, gjorda f\u00f6r vinden En seglare k\u00e4nner havet och vinden. V\u00e5r mer \u00e4n 20 \u00e5rs erfarenhet bildar ett maritimt arv som har v\u00e4glett design och tillverkning av segel. Vi tillverkar varje segel individuellt, baserat p\u00e5 dina \u00f6nskem\u00e5l, din b\u00e5t och havets f\u00f6rh\u00e5llanden, och med seglarens f\u00f6rst\u00e5else. [&hellip;]<\/p>\n","protected":false},"author":1,"featured_media":0,"parent":0,"menu_order":0,"comment_status":"closed","ping_status":"closed","template":"","meta":{"footnotes":""},"class_list":["post-293","page","type-page","status-publish","hentry"],"_links":{"self":[{"href":"https:\/\/apollopurjeet.fi\/sv\/wp-json\/wp\/v2\/pages\/293","targetHints":{"allow":["GET"]}}],"collection":[{"href":"https:\/\/apollopurjeet.fi\/sv\/wp-json\/wp\/v2\/pages"}],"about":[{"href":"https:\/\/apollopurjeet.fi\/sv\/wp-json\/wp\/v2\/types\/page"}],"author":[{"embeddable":true,"href":"https:\/\/apollopurjeet.fi\/sv\/wp-json\/wp\/v2\/users\/1"}],"replies":[{"embeddable":true,"href":"https:\/\/apollopurjeet.fi\/sv\/wp-json\/wp\/v2\/comments?post=293"}],"version-history":[{"count":4,"href":"https:\/\/apollopurjeet.fi\/sv\/wp-json\/wp\/v2\/pages\/293\/revisions"}],"predecessor-version":[{"id":403,"href":"https:\/\/apollopurjeet.fi\/sv\/wp-json\/wp\/v2\/pages\/293\/revisions\/403"}],"wp:attachment":[{"href":"https:\/\/apollopurjeet.fi\/sv\/wp-json\/wp\/v2\/media?parent=293"}],"curies":[{"name":"wp","href":"https:\/\/api.w.org\/{rel}","templated":true}]}}