{"id":335,"date":"2026-03-23T19:43:39","date_gmt":"2026-03-23T18:43:39","guid":{"rendered":"https:\/\/apollopurjeet.fi\/segel\/"},"modified":"2026-04-10T17:01:32","modified_gmt":"2026-04-10T15:01:32","slug":"segel","status":"publish","type":"page","link":"https:\/\/apollopurjeet.fi\/sv\/segel\/","title":{"rendered":"Segel"},"content":{"rendered":"\n<div class=\"wp-block-group has-background is-layout-flow wp-block-group-is-layout-flow\" style=\"background-color:#eff4fa\">\n<div style=\"height:73px\" aria-hidden=\"true\" class=\"wp-block-spacer\"><\/div>\n\n\n\n<div class=\"wp-block-columns is-layout-flex wp-container-core-columns-is-layout-9d6595d7 wp-block-columns-is-layout-flex\">\n<div class=\"wp-block-column is-layout-flow wp-block-column-is-layout-flow\">\n<h2 class=\"wp-block-heading\" id=\"w-node-bb357797-cfa6-ec90-0556-cee60396496e-03839bf4\"><strong><strong>Segel skr\u00e4ddarsydda efter din b\u00e5t och stil<\/strong><\/strong><\/h2>\n\n\n\n<p>K\u00e4nslan av repen i dina handflator. S\u00e5 stickas de b\u00e4sta seglen.<\/p>\n\n\n\n<h5 class=\"wp-block-heading\"><strong>Segling \u00e4r njutbart s\u00e5 l\u00e4nge det \u00e4r s\u00e4kert<\/strong><\/h5>\n\n\n\n<p>A-Sail erbjuder expertr\u00e5d om olika segelhanteringssystem. <\/p>\n\n\n\n<p>V\u00e5ra cruisingsegel \u00e4r tillverkade f\u00f6r att t\u00e5la anv\u00e4ndning av en professionell seglare eller seglare f\u00f6r v\u00e4der och vind. De \u00e4r enkla att anv\u00e4nda och fungerar p\u00e5 b\u00e4sta m\u00f6jliga s\u00e4tt i alla vindar, med h\u00e4nsyn till din b\u00e5t och din seglingsstil. <\/p>\n\n\n\n<p>V\u00e5ra horisontellt skurna segel \u00e4r tillverkade av b\u00e4sta m\u00f6jliga Dacron-fiber, som \u00e4r k\u00e4nd f\u00f6r sin styrka och slitstyrka. Dacron-fiber \u00e4r alltid t\u00e4tt v\u00e4vd och \u00e4r UV-skyddad. P\u00e5 s\u00e5 s\u00e4tt kan vi s\u00e4kerst\u00e4lla seglets h\u00e5llbarhet i kr\u00e4vande v\u00e4derf\u00f6rh\u00e5llanden.<\/p>\n<\/div>\n\n\n\n<div class=\"wp-block-column is-layout-flow wp-block-column-is-layout-flow\">\n<figure class=\"wp-block-image size-full wp-container-content-f67f277b\"><img loading=\"lazy\" decoding=\"async\" width=\"785\" height=\"675\" src=\"https:\/\/apollopurjeet.fi\/wp-content\/uploads\/2026\/03\/66d835a09898619e03839cd8_86.jpg\" alt=\"\" class=\"wp-image-85\" srcset=\"https:\/\/apollopurjeet.fi\/wp-content\/uploads\/2026\/03\/66d835a09898619e03839cd8_86.jpg 785w, https:\/\/apollopurjeet.fi\/wp-content\/uploads\/2026\/03\/66d835a09898619e03839cd8_86-480x413.jpg 480w\" sizes=\"(min-width: 0px) and (max-width: 480px) 480px, (min-width: 481px) 785px, 100vw\" \/><\/figure>\n<\/div>\n<\/div>\n\n\n\n<div class=\"wp-block-group is-layout-grid wp-container-core-group-is-layout-4d858cb8 wp-block-group-is-layout-grid\">\n<div class=\"wp-block-buttons is-layout-flex wp-block-buttons-is-layout-flex\">\n<div class=\"wp-block-button has-custom-width wp-block-button__width-100\"><a class=\"wp-block-button__link has-white-color has-text-color has-background has-link-color has-medium-font-size has-custom-font-size wp-element-button\" href=\"https:\/\/apollopurjeet.fi\/sv\/segel\/storsegel\/\" style=\"border-top-left-radius:10px;border-top-right-radius:10px;border-bottom-left-radius:10px;border-bottom-right-radius:10px;background-color:#23518c\">Storsegel<\/a><\/div>\n<\/div>\n\n\n\n<div class=\"wp-block-buttons is-layout-flex wp-block-buttons-is-layout-flex\">\n<div class=\"wp-block-button has-custom-width wp-block-button__width-100\"><a class=\"wp-block-button__link has-white-color has-text-color has-background has-link-color has-medium-font-size has-custom-font-size wp-element-button\" href=\"https:\/\/apollopurjeet.fi\/sv\/segel\/forsegel\/\" style=\"border-top-left-radius:10px;border-top-right-radius:10px;border-bottom-left-radius:10px;border-bottom-right-radius:10px;background-color:#23518c\">F\u00f6rsegel<\/a><\/div>\n<\/div>\n\n\n\n<div class=\"wp-block-buttons is-layout-flex wp-block-buttons-is-layout-flex\">\n<div class=\"wp-block-button has-custom-width wp-block-button__width-100\"><a class=\"wp-block-button__link has-white-color has-text-color has-background has-link-color has-medium-font-size has-custom-font-size wp-element-button\" href=\"https:\/\/apollopurjeet.fi\/sv\/segel\/spinnaker\/\" style=\"border-top-left-radius:10px;border-top-right-radius:10px;border-bottom-left-radius:10px;border-bottom-right-radius:10px;background-color:#23518c\">Spinnaker<\/a><\/div>\n<\/div>\n\n\n\n<div class=\"wp-block-buttons is-layout-flex wp-block-buttons-is-layout-flex\">\n<div class=\"wp-block-button has-custom-width wp-block-button__width-100\"><a class=\"wp-block-button__link has-white-color has-text-color has-background has-link-color has-medium-font-size has-custom-font-size wp-element-button\" href=\"https:\/\/apollopurjeet.fi\/sv\/segel\/gennaker\/\" style=\"border-top-left-radius:10px;border-top-right-radius:10px;border-bottom-left-radius:10px;border-bottom-right-radius:10px;background-color:#23518c\">Gennaker<\/a><\/div>\n<\/div>\n\n\n\n<div class=\"wp-block-buttons wp-container-content-f5b586fb is-layout-flex wp-block-buttons-is-layout-flex\">\n<div class=\"wp-block-button has-custom-width wp-block-button__width-100\"><a class=\"wp-block-button__link has-white-color has-text-color has-background has-link-color has-medium-font-size has-custom-font-size wp-element-button\" href=\"https:\/\/apollopurjeet.fi\/sv\/segel\/furling-structured-luff\/\" style=\"border-top-left-radius:10px;border-top-right-radius:10px;border-bottom-left-radius:10px;border-bottom-right-radius:10px;background-color:#23518c\">Furling structured luff<\/a><\/div>\n<\/div>\n\n\n\n<div class=\"wp-block-buttons wp-container-content-f5b586fb is-layout-flex wp-block-buttons-is-layout-flex\">\n<div class=\"wp-block-button has-custom-width wp-block-button__width-100\"><a class=\"wp-block-button__link has-white-color has-text-color has-background has-link-color has-medium-font-size has-custom-font-size wp-element-button\" href=\"https:\/\/apollopurjeet.fi\/sv\/segel\/rull-storsegel\/\" style=\"border-top-left-radius:10px;border-top-right-radius:10px;border-bottom-left-radius:10px;border-bottom-right-radius:10px;background-color:#23518c\">Rull Storsegel<\/a><\/div>\n<\/div>\n<\/div>\n\n\n\n<div style=\"height:79px\" aria-hidden=\"true\" class=\"wp-block-spacer\"><\/div>\n<\/div>\n\n<div style=\"height:100px\" aria-hidden=\"true\" class=\"wp-block-spacer\"><\/div>\n\n<div class=\"wp-block-group is-layout-flow wp-block-group-is-layout-flow\">\n<div class=\"wp-block-columns is-layout-flex wp-container-core-columns-is-layout-9d6595d7 wp-block-columns-is-layout-flex\">\n<div class=\"wp-block-column is-layout-flow wp-block-column-is-layout-flow\">\n<figure class=\"wp-block-image size-full\"><img loading=\"lazy\" decoding=\"async\" width=\"900\" height=\"560\" src=\"https:\/\/apollopurjeet.fi\/wp-content\/uploads\/2026\/03\/66d835a09898619e03839cd7_26.jpg\" alt=\"\" class=\"wp-image-86\" srcset=\"https:\/\/apollopurjeet.fi\/wp-content\/uploads\/2026\/03\/66d835a09898619e03839cd7_26.jpg 900w, https:\/\/apollopurjeet.fi\/wp-content\/uploads\/2026\/03\/66d835a09898619e03839cd7_26-480x299.jpg 480w\" sizes=\"(min-width: 0px) and (max-width: 480px) 480px, (min-width: 481px) 900px, 100vw\" \/><\/figure>\n<\/div>\n\n\n\n<div class=\"wp-block-column is-layout-flow wp-block-column-is-layout-flow\">\n<h2 class=\"wp-block-heading\" id=\"w-node-bb357797-cfa6-ec90-0556-cee60396496e-03839c39\">Cruising \/ Racing laminat<\/h2>\n\n\n\n<p>Erbjuder en m\u00e4ngd av de h\u00f6gsta fibergarnen, inklusive Carbon, Kevlar, Dyneema och Technora; Vi kan erbjuda det b\u00e4sta av b\u00e5de horisontella och radiella laminat. Alla som kan levereras med ett l\u00e4tt taftalternativ som ger extra h\u00e5llbarhet och n\u00f6tningsbest\u00e4ndighet.<\/p>\n\n\n\n<h3 class=\"wp-block-heading\">Membran<\/h3>\n\n\n\n<p>Med hj\u00e4lp av v\u00e5r interna designmjukvara kan vi konstruera ett skr\u00e4ddarsytt segel medgarn av h\u00f6gsta kvalitet som passar din b\u00e5t.<\/p>\n\n\n\n<p>Med interna och externa taftalternativ har vim\u00f6jligheten att anpassa dina behov vilket ger dig b\u00e5de prestanda och h\u00e5llbarhet. Det ultimata seglet f\u00f6r Performance Cruiser och Racing.<\/p>\n<\/div>\n<\/div>\n<\/div>\n\n<div style=\"height:100px\" aria-hidden=\"true\" class=\"wp-block-spacer\"><\/div>\n\n<div class=\"wp-block-group is-layout-grid wp-container-core-group-is-layout-6be84c55 wp-block-group-is-layout-grid\">\n<figure class=\"wp-block-image size-large\"><img loading=\"lazy\" decoding=\"async\" width=\"1024\" height=\"768\" src=\"https:\/\/apollopurjeet.fi\/wp-content\/uploads\/2026\/03\/image-1024x768.jpeg\" alt=\"\" class=\"wp-image-87\" style=\"aspect-ratio:1;object-fit:cover\" srcset=\"https:\/\/apollopurjeet.fi\/wp-content\/uploads\/2026\/03\/image-980x735.jpeg 980w, https:\/\/apollopurjeet.fi\/wp-content\/uploads\/2026\/03\/image-480x360.jpeg 480w\" sizes=\"(min-width: 0px) and (max-width: 480px) 480px, (min-width: 481px) and (max-width: 980px) 980px, (min-width: 981px) 1024px, 100vw\" \/><\/figure>\n\n\n\n<figure class=\"wp-block-image size-full\"><img loading=\"lazy\" decoding=\"async\" width=\"785\" height=\"675\" src=\"https:\/\/apollopurjeet.fi\/wp-content\/uploads\/2026\/03\/66d835a09898619e03839cd8_86.jpg\" alt=\"\" class=\"wp-image-85\" style=\"aspect-ratio:1;object-fit:cover\" srcset=\"https:\/\/apollopurjeet.fi\/wp-content\/uploads\/2026\/03\/66d835a09898619e03839cd8_86.jpg 785w, https:\/\/apollopurjeet.fi\/wp-content\/uploads\/2026\/03\/66d835a09898619e03839cd8_86-480x413.jpg 480w\" sizes=\"(min-width: 0px) and (max-width: 480px) 480px, (min-width: 481px) 785px, 100vw\" \/><\/figure>\n\n\n\n<figure class=\"wp-block-image size-full\"><img loading=\"lazy\" decoding=\"async\" width=\"960\" height=\"720\" src=\"https:\/\/apollopurjeet.fi\/wp-content\/uploads\/2026\/03\/image-1.jpeg\" alt=\"\" class=\"wp-image-88\" style=\"aspect-ratio:1;object-fit:cover\" srcset=\"https:\/\/apollopurjeet.fi\/wp-content\/uploads\/2026\/03\/image-1.jpeg 960w, https:\/\/apollopurjeet.fi\/wp-content\/uploads\/2026\/03\/image-1-480x360.jpeg 480w\" sizes=\"(min-width: 0px) and (max-width: 480px) 480px, (min-width: 481px) 960px, 100vw\" \/><\/figure>\n<\/div>\n","protected":false},"excerpt":{"rendered":"<p>Segel skr\u00e4ddarsydda efter din b\u00e5t och stil K\u00e4nslan av repen i dina handflator. S\u00e5 stickas de b\u00e4sta seglen. Segling \u00e4r njutbart s\u00e5 l\u00e4nge det \u00e4r s\u00e4kert A-Sail erbjuder expertr\u00e5d om olika segelhanteringssystem. V\u00e5ra cruisingsegel \u00e4r tillverkade f\u00f6r att t\u00e5la anv\u00e4ndning av en professionell seglare eller seglare f\u00f6r v\u00e4der och vind. De \u00e4r enkla att anv\u00e4nda [&hellip;]<\/p>\n","protected":false},"author":1,"featured_media":334,"parent":0,"menu_order":0,"comment_status":"closed","ping_status":"closed","template":"","meta":{"footnotes":""},"class_list":["post-335","page","type-page","status-publish","has-post-thumbnail","hentry"],"_links":{"self":[{"href":"https:\/\/apollopurjeet.fi\/sv\/wp-json\/wp\/v2\/pages\/335","targetHints":{"allow":["GET"]}}],"collection":[{"href":"https:\/\/apollopurjeet.fi\/sv\/wp-json\/wp\/v2\/pages"}],"about":[{"href":"https:\/\/apollopurjeet.fi\/sv\/wp-json\/wp\/v2\/types\/page"}],"author":[{"embeddable":true,"href":"https:\/\/apollopurjeet.fi\/sv\/wp-json\/wp\/v2\/users\/1"}],"replies":[{"embeddable":true,"href":"https:\/\/apollopurjeet.fi\/sv\/wp-json\/wp\/v2\/comments?post=335"}],"version-history":[{"count":3,"href":"https:\/\/apollopurjeet.fi\/sv\/wp-json\/wp\/v2\/pages\/335\/revisions"}],"predecessor-version":[{"id":406,"href":"https:\/\/apollopurjeet.fi\/sv\/wp-json\/wp\/v2\/pages\/335\/revisions\/406"}],"wp:featuredmedia":[{"embeddable":true,"href":"https:\/\/apollopurjeet.fi\/sv\/wp-json\/wp\/v2\/media\/334"}],"wp:attachment":[{"href":"https:\/\/apollopurjeet.fi\/sv\/wp-json\/wp\/v2\/media?parent=335"}],"curies":[{"name":"wp","href":"https:\/\/api.w.org\/{rel}","templated":true}]}}