{"id":342,"date":"2026-03-23T19:52:00","date_gmt":"2026-03-23T18:52:00","guid":{"rendered":"https:\/\/apollopurjeet.fi\/segel\/storsegel\/"},"modified":"2026-04-10T17:06:16","modified_gmt":"2026-04-10T15:06:16","slug":"storsegel","status":"publish","type":"page","link":"https:\/\/apollopurjeet.fi\/sv\/segel\/storsegel\/","title":{"rendered":"Storsegel"},"content":{"rendered":"\n<div class=\"wp-block-group is-layout-flow wp-block-group-is-layout-flow\">\n<div class=\"wp-block-columns is-layout-flex wp-container-core-columns-is-layout-9d6595d7 wp-block-columns-is-layout-flex\">\n<div class=\"wp-block-column is-layout-flow wp-block-column-is-layout-flow\">\n<h2 class=\"wp-block-heading\"><strong>Storseglet \u00e4r det viktigaste seglet p\u00e5 en b\u00e5t<\/strong><\/h2>\n\n\n\n<p>Under de senaste decennierna har formen och framf\u00f6r allt storleken p\u00e5 seglet f\u00f6r\u00e4ndrats avsev\u00e4rt. P\u00e5 1970-talet gynnade den s\u00e5 kallade IOR-formeln stora f\u00f6rsegel, s\u00e5 mindre segelytor f\u00f6redrogs f\u00f6r storsegel.<\/p>\n\n\n\n<p>Nu har f\u00f6rh\u00e5llandet f\u00f6r\u00e4ndrats och storseglet kan \u00e5terigen med r\u00e4tta kallas storsegel. Moderna, flexibla master i 7\/8 och 9\/10 g\u00f6r att storseglet kan ha en betydande inverkan p\u00e5 seglingsegenskaperna och d\u00e4rmed ocks\u00e5 utveckla en st\u00f6rre fartpotential f\u00f6r det.<\/p>\n\n\n\n<p>Men naturligtvis kan \u00e4ven storseglen p\u00e5 sm\u00e5 storsegeltoppmaster optimeras idag. Detta tack vare modern informationsteknik och datorkapacitet, som inte fanns tillg\u00e4nglig f\u00f6r 50 \u00e5r sedan. Nya metoder g\u00f6r det m\u00f6jligt att kapa seglet p\u00e5 ett s\u00e5dant s\u00e4tt att vi n\u00e5r nya maxhastigheter. Vi investerar i valet av h\u00f6gkvalitativa material och noggrant genomf\u00f6rande f\u00f6r att s\u00e4kerst\u00e4lla seglets l\u00e4ngsta m\u00f6jliga livsl\u00e4ngd.<\/p>\n\n\n\n<div class=\"wp-block-buttons wp-container-content-d8344436 is-layout-flex wp-block-buttons-is-layout-flex\">\n<div class=\"wp-block-button has-custom-width wp-block-button__width-50\"><a class=\"wp-block-button__link has-white-color has-text-color has-background has-link-color has-medium-font-size has-text-align-center has-custom-font-size wp-element-button\" href=\"https:\/\/apollopurjeet.fi\/sv\/segel\/rull-storsegel\/\" style=\"border-top-left-radius:10px;border-top-right-radius:10px;border-bottom-left-radius:10px;border-bottom-right-radius:10px;background-color:#23518c\">Rull Storsegel<\/a><\/div>\n<\/div>\n<\/div>\n\n\n\n<div class=\"wp-block-column is-layout-flow wp-block-column-is-layout-flow\">\n<figure class=\"wp-block-image size-full\"><img loading=\"lazy\" decoding=\"async\" width=\"900\" height=\"778\" src=\"https:\/\/apollopurjeet.fi\/wp-content\/uploads\/2026\/03\/image-2.jpeg\" alt=\"\" class=\"wp-image-94\" srcset=\"https:\/\/apollopurjeet.fi\/wp-content\/uploads\/2026\/03\/image-2.jpeg 900w, https:\/\/apollopurjeet.fi\/wp-content\/uploads\/2026\/03\/image-2-480x415.jpeg 480w\" sizes=\"(min-width: 0px) and (max-width: 480px) 480px, (min-width: 481px) 900px, 100vw\" \/><\/figure>\n<\/div>\n<\/div>\n<\/div>\n\n<div style=\"height:100px\" aria-hidden=\"true\" class=\"wp-block-spacer\"><\/div>\n\n<div class=\"wp-block-group is-layout-grid wp-container-core-group-is-layout-6be84c55 wp-block-group-is-layout-grid\">\n<figure class=\"wp-block-image size-medium\"><img loading=\"lazy\" decoding=\"async\" width=\"113\" height=\"300\" src=\"https:\/\/apollopurjeet.fi\/wp-content\/uploads\/2026\/03\/image-1-113x300.png\" alt=\"\" class=\"wp-image-95\" style=\"object-fit:cover\" srcset=\"https:\/\/apollopurjeet.fi\/wp-content\/uploads\/2026\/03\/image-1-113x300.png 113w, https:\/\/apollopurjeet.fi\/wp-content\/uploads\/2026\/03\/image-1.png 357w\" sizes=\"(max-width: 113px) 100vw, 113px\" \/><\/figure>\n\n\n\n<figure class=\"wp-block-image size-medium\"><img loading=\"lazy\" decoding=\"async\" width=\"121\" height=\"300\" src=\"https:\/\/apollopurjeet.fi\/wp-content\/uploads\/2026\/03\/image-2-121x300.png\" alt=\"\" class=\"wp-image-96\" style=\"object-fit:cover\" srcset=\"https:\/\/apollopurjeet.fi\/wp-content\/uploads\/2026\/03\/image-2-121x300.png 121w, https:\/\/apollopurjeet.fi\/wp-content\/uploads\/2026\/03\/image-2.png 380w\" sizes=\"(max-width: 121px) 100vw, 121px\" \/><\/figure>\n\n\n\n<figure class=\"wp-block-image size-full\"><img loading=\"lazy\" decoding=\"async\" width=\"768\" height=\"1024\" src=\"https:\/\/apollopurjeet.fi\/wp-content\/uploads\/2026\/03\/image-3.jpeg\" alt=\"\" class=\"wp-image-97\" style=\"aspect-ratio:1;object-fit:cover\" srcset=\"https:\/\/apollopurjeet.fi\/wp-content\/uploads\/2026\/03\/image-3.jpeg 768w, https:\/\/apollopurjeet.fi\/wp-content\/uploads\/2026\/03\/image-3-480x640.jpeg 480w\" sizes=\"(min-width: 0px) and (max-width: 480px) 480px, (min-width: 481px) 768px, 100vw\" \/><\/figure>\n<\/div>\n","protected":false},"excerpt":{"rendered":"<p>Storseglet \u00e4r det viktigaste seglet p\u00e5 en b\u00e5t Under de senaste decennierna har formen och framf\u00f6r allt storleken p\u00e5 seglet f\u00f6r\u00e4ndrats avsev\u00e4rt. P\u00e5 1970-talet gynnade den s\u00e5 kallade IOR-formeln stora f\u00f6rsegel, s\u00e5 mindre segelytor f\u00f6redrogs f\u00f6r storsegel. Nu har f\u00f6rh\u00e5llandet f\u00f6r\u00e4ndrats och storseglet kan \u00e5terigen med r\u00e4tta kallas storsegel. Moderna, flexibla master i 7\/8 och [&hellip;]<\/p>\n","protected":false},"author":1,"featured_media":341,"parent":335,"menu_order":1,"comment_status":"closed","ping_status":"closed","template":"","meta":{"footnotes":""},"class_list":["post-342","page","type-page","status-publish","has-post-thumbnail","hentry"],"_links":{"self":[{"href":"https:\/\/apollopurjeet.fi\/sv\/wp-json\/wp\/v2\/pages\/342","targetHints":{"allow":["GET"]}}],"collection":[{"href":"https:\/\/apollopurjeet.fi\/sv\/wp-json\/wp\/v2\/pages"}],"about":[{"href":"https:\/\/apollopurjeet.fi\/sv\/wp-json\/wp\/v2\/types\/page"}],"author":[{"embeddable":true,"href":"https:\/\/apollopurjeet.fi\/sv\/wp-json\/wp\/v2\/users\/1"}],"replies":[{"embeddable":true,"href":"https:\/\/apollopurjeet.fi\/sv\/wp-json\/wp\/v2\/comments?post=342"}],"version-history":[{"count":4,"href":"https:\/\/apollopurjeet.fi\/sv\/wp-json\/wp\/v2\/pages\/342\/revisions"}],"predecessor-version":[{"id":411,"href":"https:\/\/apollopurjeet.fi\/sv\/wp-json\/wp\/v2\/pages\/342\/revisions\/411"}],"up":[{"embeddable":true,"href":"https:\/\/apollopurjeet.fi\/sv\/wp-json\/wp\/v2\/pages\/335"}],"wp:featuredmedia":[{"embeddable":true,"href":"https:\/\/apollopurjeet.fi\/sv\/wp-json\/wp\/v2\/media\/341"}],"wp:attachment":[{"href":"https:\/\/apollopurjeet.fi\/sv\/wp-json\/wp\/v2\/media?parent=342"}],"curies":[{"name":"wp","href":"https:\/\/api.w.org\/{rel}","templated":true}]}}