{"id":346,"date":"2026-03-23T19:53:58","date_gmt":"2026-03-23T18:53:58","guid":{"rendered":"https:\/\/apollopurjeet.fi\/segel\/rull-storsegel\/"},"modified":"2026-04-02T12:00:30","modified_gmt":"2026-04-02T10:00:30","slug":"rull-storsegel","status":"publish","type":"page","link":"https:\/\/apollopurjeet.fi\/sv\/segel\/rull-storsegel\/","title":{"rendered":"Rull Storsegel"},"content":{"rendered":"\n<div class=\"wp-block-group is-layout-flow wp-block-group-is-layout-flow\">\n<div class=\"wp-block-columns is-layout-flex wp-container-core-columns-is-layout-9d6595d7 wp-block-columns-is-layout-flex\">\n<div class=\"wp-block-column is-layout-flow wp-block-column-is-layout-flow\">\n<h2 class=\"wp-block-heading\"><strong>Rull Storsegel<\/strong><\/h2>\n\n\n\n<p>Bekv\u00e4mligheten med ett rullstorsegel uppenbarar sig vid anv\u00e4ndning, eftersom det kan rullas in eller helt in fr\u00e5n sits\u00f6ppningen \u00e4ven under segling. Detta \u00e4r en betydande f\u00f6rdel, till exempel vid segel i sk\u00e4rg\u00e5rdens nyckfulla vindar.<\/p>\n\n\n\n<p>Dessutom sparar det dig fr\u00e5n att beh\u00f6va f\u00e4lla in seglen efter att seglingsetappen \u00e4r avslutad. Som namnet antyder rullas seglet helt enkelt in i masten.<\/p>\n\n\n\n<p>Ett storsegel som rullas in i masten kan inte anv\u00e4nda horisontella lattor, vilket inneb\u00e4r att seglets form inte kan st\u00f6djas p\u00e5 samma s\u00e4tt som ett traditionellt ryttarstorsegel. N\u00e4r tyget str\u00e4cks ut med tiden minskar m\u00f6jligheterna att justera formen \u2013 detta \u00e4r en inneboende svaghet hos ett rullstorsegel j\u00e4mf\u00f6rt med traditionella l\u00f6sningar.<\/p>\n\n\n\n<p>Rullsystemet i masten best\u00e5r av flera r\u00f6rliga delar som kr\u00e4ver regelbundet underh\u00e5ll och inspektion. Om seglet rullas in eller ut felaktigt kan det fastna i masten. D\u00e4rf\u00f6r \u00e4r det viktigt att hela bes\u00e4ttningen k\u00e4nner till anordningens funktionsprinciper och vet hur man anv\u00e4nder den f\u00f6rsiktigt. N\u00e4r det hanteras korrekt \u00e4r ett rullsystem ett utm\u00e4rkt hj\u00e4lpmedel f\u00f6r en smidig seglingsdag.<\/p>\n<\/div>\n\n\n\n<div class=\"wp-block-column is-layout-flow wp-block-column-is-layout-flow\">\n<figure class=\"wp-block-image size-full\"><img loading=\"lazy\" decoding=\"async\" width=\"849\" height=\"606\" src=\"https:\/\/apollopurjeet.fi\/wp-content\/uploads\/2026\/03\/image-4.jpeg\" alt=\"\" class=\"wp-image-100\" srcset=\"https:\/\/apollopurjeet.fi\/wp-content\/uploads\/2026\/03\/image-4.jpeg 849w, https:\/\/apollopurjeet.fi\/wp-content\/uploads\/2026\/03\/image-4-480x343.jpeg 480w\" sizes=\"(min-width: 0px) and (max-width: 480px) 480px, (min-width: 481px) 849px, 100vw\" \/><\/figure>\n<\/div>\n<\/div>\n<\/div>\n\n<div style=\"height:100px\" aria-hidden=\"true\" class=\"wp-block-spacer\"><\/div>\n\n<div class=\"wp-block-group is-layout-grid wp-container-core-group-is-layout-6be84c55 wp-block-group-is-layout-grid\">\n<figure class=\"wp-block-image size-medium\"><img loading=\"lazy\" decoding=\"async\" width=\"225\" height=\"300\" src=\"https:\/\/apollopurjeet.fi\/wp-content\/uploads\/2026\/03\/image-3-225x300.png\" alt=\"\" class=\"wp-image-101\" style=\"object-fit:cover\"\/><\/figure>\n<\/div>\n","protected":false},"excerpt":{"rendered":"<p>Rull Storsegel Bekv\u00e4mligheten med ett rullstorsegel uppenbarar sig vid anv\u00e4ndning, eftersom det kan rullas in eller helt in fr\u00e5n sits\u00f6ppningen \u00e4ven under segling. Detta \u00e4r en betydande f\u00f6rdel, till exempel vid segel i sk\u00e4rg\u00e5rdens nyckfulla vindar. Dessutom sparar det dig fr\u00e5n att beh\u00f6va f\u00e4lla in seglen efter att seglingsetappen \u00e4r avslutad. Som namnet antyder rullas [&hellip;]<\/p>\n","protected":false},"author":1,"featured_media":341,"parent":335,"menu_order":2,"comment_status":"closed","ping_status":"closed","template":"","meta":{"footnotes":""},"class_list":["post-346","page","type-page","status-publish","has-post-thumbnail","hentry"],"_links":{"self":[{"href":"https:\/\/apollopurjeet.fi\/sv\/wp-json\/wp\/v2\/pages\/346","targetHints":{"allow":["GET"]}}],"collection":[{"href":"https:\/\/apollopurjeet.fi\/sv\/wp-json\/wp\/v2\/pages"}],"about":[{"href":"https:\/\/apollopurjeet.fi\/sv\/wp-json\/wp\/v2\/types\/page"}],"author":[{"embeddable":true,"href":"https:\/\/apollopurjeet.fi\/sv\/wp-json\/wp\/v2\/users\/1"}],"replies":[{"embeddable":true,"href":"https:\/\/apollopurjeet.fi\/sv\/wp-json\/wp\/v2\/comments?post=346"}],"version-history":[{"count":1,"href":"https:\/\/apollopurjeet.fi\/sv\/wp-json\/wp\/v2\/pages\/346\/revisions"}],"predecessor-version":[{"id":347,"href":"https:\/\/apollopurjeet.fi\/sv\/wp-json\/wp\/v2\/pages\/346\/revisions\/347"}],"up":[{"embeddable":true,"href":"https:\/\/apollopurjeet.fi\/sv\/wp-json\/wp\/v2\/pages\/335"}],"wp:featuredmedia":[{"embeddable":true,"href":"https:\/\/apollopurjeet.fi\/sv\/wp-json\/wp\/v2\/media\/341"}],"wp:attachment":[{"href":"https:\/\/apollopurjeet.fi\/sv\/wp-json\/wp\/v2\/media?parent=346"}],"curies":[{"name":"wp","href":"https:\/\/api.w.org\/{rel}","templated":true}]}}