{"id":375,"date":"2026-03-23T20:08:36","date_gmt":"2026-03-23T19:08:36","guid":{"rendered":"https:\/\/apollopurjeet.fi\/segel\/gennaker\/"},"modified":"2026-04-02T12:04:40","modified_gmt":"2026-04-02T10:04:40","slug":"gennaker","status":"publish","type":"page","link":"https:\/\/apollopurjeet.fi\/sv\/segel\/gennaker\/","title":{"rendered":"Gennaker"},"content":{"rendered":"\n<div class=\"wp-block-group is-layout-flow wp-block-group-is-layout-flow\">\n<div class=\"wp-block-columns is-layout-flex wp-container-core-columns-is-layout-9d6595d7 wp-block-columns-is-layout-flex\">\n<div class=\"wp-block-column is-layout-flow wp-block-column-is-layout-flow\">\n<h2 class=\"wp-block-heading\"><strong><strong>Gennaker f\u00f6r sidvind<\/strong><\/strong><\/h2>\n\n\n\n<p>Cruisingseglingens st\u00e4ndiga favorit, gennakern, \u00e4r asymmetrisk och passar f\u00f6r m\u00e5nga olika seglingsf\u00f6rh\u00e5llanden.<\/p>\n\n\n\n<p>A-Sail-gennakern \u00e4r anpassad, inklusive f\u00e4rgen, till din b\u00e5ts exakta dimensioner av h\u00f6gkvalitativa tygmaterial. Tygets vikt justeras efter b\u00e5ten och dess avsedda anv\u00e4ndning. Seglets framben har ett insytt rep, vilket \u00f6kar dess motst\u00e5ndskraft mot belastning och g\u00f6r att benet f\u00f6rblir rakt under h\u00f6g belastning. Gennakerseglet kan ocks\u00e5 vara fritt, flygande, med ett stativ, men de flesta seglare v\u00e4ljer ett rullsystem f\u00f6r att g\u00f6ra det enklare att anv\u00e4nda.<\/p>\n<\/div>\n\n\n\n<div class=\"wp-block-column is-layout-flow wp-block-column-is-layout-flow\">\n<figure class=\"wp-block-image size-full\"><img loading=\"lazy\" decoding=\"async\" width=\"1067\" height=\"1600\" src=\"https:\/\/apollopurjeet.fi\/wp-content\/uploads\/2026\/03\/image-18.jpeg\" alt=\"\" class=\"wp-image-125\" srcset=\"https:\/\/apollopurjeet.fi\/wp-content\/uploads\/2026\/03\/image-18.jpeg 1067w, https:\/\/apollopurjeet.fi\/wp-content\/uploads\/2026\/03\/image-18-980x1470.jpeg 980w, https:\/\/apollopurjeet.fi\/wp-content\/uploads\/2026\/03\/image-18-480x720.jpeg 480w\" sizes=\"(min-width: 0px) and (max-width: 480px) 480px, (min-width: 481px) and (max-width: 980px) 980px, (min-width: 981px) 1067px, 100vw\" \/><\/figure>\n<\/div>\n<\/div>\n<\/div>\n\n<div style=\"height:100px\" aria-hidden=\"true\" class=\"wp-block-spacer\"><\/div>\n\n<div style=\"position:relative;width:100%;max-width:1200px;margin:0 auto;\">\n  <iframe src=\"https:\/\/apollopurjeet.fi\/coloring\/gennaker.html\" title=\"Sail coloring tool\" loading=\"lazy\" style=\"width:100%;min-height:1200px;border:0;\" allowfullscreen=\"\">\n  <\/iframe>\n<\/div>\n\n<div class=\"wp-block-group is-layout-grid wp-container-core-group-is-layout-6be84c55 wp-block-group-is-layout-grid\">\n<figure class=\"wp-block-image size-full wp-container-content-2155ee95\"><img loading=\"lazy\" decoding=\"async\" width=\"382\" height=\"600\" src=\"https:\/\/apollopurjeet.fi\/wp-content\/uploads\/2026\/04\/image-e1775118641683.png\" alt=\"\" class=\"wp-image-247\" style=\"object-fit:cover\"\/><figcaption class=\"wp-element-caption\">Gennaker<\/figcaption><\/figure>\n\n\n\n<figure class=\"wp-block-image size-full\"><img loading=\"lazy\" decoding=\"async\" width=\"444\" height=\"600\" src=\"https:\/\/apollopurjeet.fi\/wp-content\/uploads\/2026\/04\/image-1-e1775118660647.png\" alt=\"\" class=\"wp-image-248\" style=\"object-fit:cover\"\/><figcaption class=\"wp-element-caption\">Code Zero<\/figcaption><\/figure>\n\n\n\n<figure class=\"wp-block-image size-full\"><img loading=\"lazy\" decoding=\"async\" width=\"392\" height=\"601\" src=\"https:\/\/apollopurjeet.fi\/wp-content\/uploads\/2026\/04\/image-2.png\" alt=\"\" class=\"wp-image-249\" style=\"object-fit:cover\" srcset=\"https:\/\/apollopurjeet.fi\/wp-content\/uploads\/2026\/04\/image-2.png 392w, https:\/\/apollopurjeet.fi\/wp-content\/uploads\/2026\/04\/image-2-196x300.png 196w\" sizes=\"(max-width: 392px) 100vw, 392px\" \/><figcaption class=\"wp-element-caption\">Furling Structured Luff<\/figcaption><\/figure>\n<\/div>\n\n<p>Vi tillverkar segel f\u00f6r segelb\u00e5tar och cruising. Vi erbjuder storsegel, rullsegel, genua, focker, gennaker och spinnaker Code zero, individuellt designade efter din b\u00e5ts dimensioner och din seglingsstil. Vi anv\u00e4nder material av h\u00f6gsta kvalitet, s\u00e5som UV-skyddad Dacron, och anv\u00e4nder designprogramvara och lasersk\u00e4rningsteknik f\u00f6r att optimera seglets form och prestanda. <\/p>\n\n<p>Fr\u00e5n oss f\u00e5r du segel som kombinerar h\u00e5llbarhet, anv\u00e4ndarv\u00e4nlighet och prestanda \u2013 designade ur seglarens perspektiv. Vi betj\u00e4nar seglare i Finland med expertis och erfarenhet. <\/p>\n","protected":false},"excerpt":{"rendered":"<p>Gennaker f\u00f6r sidvind Cruisingseglingens st\u00e4ndiga favorit, gennakern, \u00e4r asymmetrisk och passar f\u00f6r m\u00e5nga olika seglingsf\u00f6rh\u00e5llanden. A-Sail-gennakern \u00e4r anpassad, inklusive f\u00e4rgen, till din b\u00e5ts exakta dimensioner av h\u00f6gkvalitativa tygmaterial. Tygets vikt justeras efter b\u00e5ten och dess avsedda anv\u00e4ndning. Seglets framben har ett insytt rep, vilket \u00f6kar dess motst\u00e5ndskraft mot belastning och g\u00f6r att benet f\u00f6rblir rakt [&hellip;]<\/p>\n","protected":false},"author":1,"featured_media":374,"parent":335,"menu_order":5,"comment_status":"closed","ping_status":"closed","template":"","meta":{"footnotes":""},"class_list":["post-375","page","type-page","status-publish","has-post-thumbnail","hentry"],"_links":{"self":[{"href":"https:\/\/apollopurjeet.fi\/sv\/wp-json\/wp\/v2\/pages\/375","targetHints":{"allow":["GET"]}}],"collection":[{"href":"https:\/\/apollopurjeet.fi\/sv\/wp-json\/wp\/v2\/pages"}],"about":[{"href":"https:\/\/apollopurjeet.fi\/sv\/wp-json\/wp\/v2\/types\/page"}],"author":[{"embeddable":true,"href":"https:\/\/apollopurjeet.fi\/sv\/wp-json\/wp\/v2\/users\/1"}],"replies":[{"embeddable":true,"href":"https:\/\/apollopurjeet.fi\/sv\/wp-json\/wp\/v2\/comments?post=375"}],"version-history":[{"count":1,"href":"https:\/\/apollopurjeet.fi\/sv\/wp-json\/wp\/v2\/pages\/375\/revisions"}],"predecessor-version":[{"id":376,"href":"https:\/\/apollopurjeet.fi\/sv\/wp-json\/wp\/v2\/pages\/375\/revisions\/376"}],"up":[{"embeddable":true,"href":"https:\/\/apollopurjeet.fi\/sv\/wp-json\/wp\/v2\/pages\/335"}],"wp:featuredmedia":[{"embeddable":true,"href":"https:\/\/apollopurjeet.fi\/sv\/wp-json\/wp\/v2\/media\/374"}],"wp:attachment":[{"href":"https:\/\/apollopurjeet.fi\/sv\/wp-json\/wp\/v2\/media?parent=375"}],"curies":[{"name":"wp","href":"https:\/\/api.w.org\/{rel}","templated":true}]}}