{"id":385,"date":"2026-03-23T20:24:18","date_gmt":"2026-03-23T19:24:18","guid":{"rendered":"https:\/\/apollopurjeet.fi\/segelskydd\/"},"modified":"2026-04-02T12:08:21","modified_gmt":"2026-04-02T10:08:21","slug":"segelskydd","status":"publish","type":"page","link":"https:\/\/apollopurjeet.fi\/sv\/segelskydd\/","title":{"rendered":"Segelskydd"},"content":{"rendered":"\n<div class=\"wp-block-group has-background is-layout-flow wp-block-group-is-layout-flow\" style=\"background-color:#eff4fa\">\n<div style=\"height:73px\" aria-hidden=\"true\" class=\"wp-block-spacer\"><\/div>\n\n\n\n<h2 class=\"wp-block-heading has-text-align-center\"><strong>Ett segel\u00f6verdrag f\u00f6rl\u00e4nger livsl\u00e4ngden p\u00e5 ditt segel<\/strong><\/h2>\n\n\n\n<p class=\"has-text-align-center\">Ett bra segel\u00f6verdrag skyddar seglet fr\u00e5n UV-str\u00e5lning, fukt och slitage n\u00e4r du inte \u00e4r p\u00e5 vattnet. Fr\u00e5n oss f\u00e5r du \u00f6verdrag som \u00e4r utformade efter din b\u00e5ts dimensioner och tillverkade av slitstarka material. N\u00e4r \u00f6verdraget fungerar fungerar segleth\u00e5ller.<\/p>\n\n\n\n<div style=\"height:58px\" aria-hidden=\"true\" class=\"wp-block-spacer\"><\/div>\n\n\n\n<div class=\"wp-block-columns is-layout-flex wp-container-core-columns-is-layout-9d6595d7 wp-block-columns-is-layout-flex\">\n<div class=\"wp-block-column is-layout-flow wp-block-column-is-layout-flow\">\n<figure class=\"wp-block-image size-large\"><img loading=\"lazy\" decoding=\"async\" width=\"1024\" height=\"768\" src=\"https:\/\/apollopurjeet.fi\/wp-content\/uploads\/2026\/03\/image-10-1024x768.png\" alt=\"\" class=\"wp-image-146\" srcset=\"https:\/\/apollopurjeet.fi\/wp-content\/uploads\/2026\/03\/image-10-1024x768.png 1024w, https:\/\/apollopurjeet.fi\/wp-content\/uploads\/2026\/03\/image-10-980x735.png 980w, https:\/\/apollopurjeet.fi\/wp-content\/uploads\/2026\/03\/image-10-480x360.png 480w\" sizes=\"(min-width: 0px) and (max-width: 480px) 480px, (min-width: 481px) and (max-width: 980px) 980px, (min-width: 981px) 1024px, 100vw\" \/><\/figure>\n\n\n\n<h5 class=\"wp-block-heading\"><strong>Lazy Bag \u2013 skydd och bekv\u00e4mlighet i ett paket<\/strong><\/h5>\n\n\n\n<p>Lazy Bag-systemet g\u00f6r det enkelt att f\u00e4lla seglet och skyddar samtidigt ditt segel fr\u00e5n UV-str\u00e5lning, regn och vind. N\u00e4r seglet f\u00e4lls direkt ner i skyddet sparar du tid och f\u00f6rl\u00e4nger seglets livsl\u00e4ngd. Vi anv\u00e4nder h\u00f6gkvalitativ Masacril\u00ae akrylv\u00e4v, som \u00e4r motst\u00e5ndskraftig mot v\u00e4der och slitage \u2013 och ser bra ut \u00e5r efter \u00e5r.<\/p>\n<\/div>\n\n\n\n<div class=\"wp-block-column is-layout-flow wp-block-column-is-layout-flow\">\n<figure class=\"wp-block-image size-full\"><img loading=\"lazy\" decoding=\"async\" width=\"976\" height=\"731\" src=\"https:\/\/apollopurjeet.fi\/wp-content\/uploads\/2026\/03\/image-11.png\" alt=\"\" class=\"wp-image-147\" srcset=\"https:\/\/apollopurjeet.fi\/wp-content\/uploads\/2026\/03\/image-11.png 976w, https:\/\/apollopurjeet.fi\/wp-content\/uploads\/2026\/03\/image-11-480x360.png 480w\" sizes=\"(min-width: 0px) and (max-width: 480px) 480px, (min-width: 481px) 976px, 100vw\" \/><\/figure>\n\n\n\n<h5 class=\"wp-block-heading\"><strong><strong>Bomskydd \u2013 komplett skydd f\u00f6r storseglet<\/strong><\/strong><\/h5>\n\n\n\n<p>Bomskyddet t\u00e4cker hela storseglet och skyddar det effektivt mot UV-str\u00e5lning, fukt och vindbelastning. Varje bomskydd \u00e4r specialtillverkat efter din b\u00e5ts dimensioner, s\u00e5 passformen och skyddet blir precis r\u00e4tt. N\u00e4r seglet \u00e4r skyddat h\u00e5ller det sig i form \u2013 och redo f\u00f6r n\u00e4sta tur. Masacril\u00ae-akryltyg.<\/p>\n<\/div>\n\n\n\n<div class=\"wp-block-column is-layout-flow wp-block-column-is-layout-flow\">\n<figure class=\"wp-block-image size-large\"><img loading=\"lazy\" decoding=\"async\" width=\"1024\" height=\"768\" src=\"https:\/\/apollopurjeet.fi\/wp-content\/uploads\/2026\/03\/image-26-1024x768.jpeg\" alt=\"\" class=\"wp-image-148\" srcset=\"https:\/\/apollopurjeet.fi\/wp-content\/uploads\/2026\/03\/image-26-1024x768.jpeg 1024w, https:\/\/apollopurjeet.fi\/wp-content\/uploads\/2026\/03\/image-26-980x735.jpeg 980w, https:\/\/apollopurjeet.fi\/wp-content\/uploads\/2026\/03\/image-26-480x360.jpeg 480w\" sizes=\"(min-width: 0px) and (max-width: 480px) 480px, (min-width: 481px) and (max-width: 980px) 980px, (min-width: 981px) 1024px, 100vw\" \/><\/figure>\n\n\n\n<h5 class=\"wp-block-heading\"><strong><strong>Genuaskydd \u2013 f\u00f6rseglets b\u00e4sta v\u00e4n<\/strong><\/strong><\/h5>\n\n\n\n<p>Rullgenuaskyddet \u00e4r utformat f\u00f6r att t\u00e5la h\u00e5rd anv\u00e4ndning och skydda f\u00f6rseglet, s\u00e4rskilt i stormar och starka vindar. UV-str\u00e5lning och v\u00e4derf\u00f6rh\u00e5llanden sliter snabbt ner ett segel om det inte \u00e4r ordentligt skyddat. Vi tillverkar specialanpassade genua\u00f6verdrag som passar perfekt till ditt f\u00f6rsegel \u2013 och skyddar det n\u00e4r det inte anv\u00e4nds. Masacril\u00ae-akryltyg.<\/p>\n<\/div>\n<\/div>\n\n\n\n<div style=\"height:79px\" aria-hidden=\"true\" class=\"wp-block-spacer\"><\/div>\n<\/div>\n\n<div class=\"wp-block-group has-white-background-color has-background is-layout-flow wp-block-group-is-layout-flow\">\n<div style=\"height:73px\" aria-hidden=\"true\" class=\"wp-block-spacer\"><\/div>\n\n\n\n<h2 class=\"wp-block-heading has-text-align-center\">MasAcril F\u00e4rgkarta<\/h2>\n\n\n\n<div class=\"wp-block-group is-layout-grid wp-container-core-group-is-layout-3844d78f wp-block-group-is-layout-grid\">\n<figure class=\"wp-block-image size-full\"><img loading=\"lazy\" decoding=\"async\" width=\"300\" height=\"210\" src=\"https:\/\/apollopurjeet.fi\/wp-content\/uploads\/2026\/03\/image-7.jpeg\" alt=\"\" class=\"wp-image-108\"\/><\/figure>\n\n\n\n<figure class=\"wp-block-image size-full\"><img loading=\"lazy\" decoding=\"async\" width=\"300\" height=\"210\" src=\"https:\/\/apollopurjeet.fi\/wp-content\/uploads\/2026\/03\/image-8.jpeg\" alt=\"\" class=\"wp-image-109\"\/><\/figure>\n\n\n\n<figure class=\"wp-block-image size-full\"><img loading=\"lazy\" decoding=\"async\" width=\"300\" height=\"210\" src=\"https:\/\/apollopurjeet.fi\/wp-content\/uploads\/2026\/03\/image-9.jpeg\" alt=\"\" class=\"wp-image-110\"\/><\/figure>\n\n\n\n<figure class=\"wp-block-image size-full\"><img loading=\"lazy\" decoding=\"async\" width=\"300\" height=\"210\" src=\"https:\/\/apollopurjeet.fi\/wp-content\/uploads\/2026\/03\/image-10.jpeg\" alt=\"\" class=\"wp-image-111\"\/><\/figure>\n\n\n\n<figure class=\"wp-block-image size-full\"><img loading=\"lazy\" decoding=\"async\" width=\"300\" height=\"210\" src=\"https:\/\/apollopurjeet.fi\/wp-content\/uploads\/2026\/03\/image-11.jpeg\" alt=\"\" class=\"wp-image-112\"\/><\/figure>\n\n\n\n<figure class=\"wp-block-image size-full\"><img loading=\"lazy\" decoding=\"async\" width=\"300\" height=\"210\" src=\"https:\/\/apollopurjeet.fi\/wp-content\/uploads\/2026\/03\/image-12.jpeg\" alt=\"\" class=\"wp-image-113\"\/><\/figure>\n\n\n\n<figure class=\"wp-block-image size-full\"><img loading=\"lazy\" decoding=\"async\" width=\"300\" height=\"210\" src=\"https:\/\/apollopurjeet.fi\/wp-content\/uploads\/2026\/03\/image-13.jpeg\" alt=\"\" class=\"wp-image-114\"\/><\/figure>\n\n\n\n<figure class=\"wp-block-image size-full\"><img loading=\"lazy\" decoding=\"async\" width=\"300\" height=\"210\" src=\"https:\/\/apollopurjeet.fi\/wp-content\/uploads\/2026\/03\/image-14.jpeg\" alt=\"\" class=\"wp-image-115\"\/><\/figure>\n\n\n\n<figure class=\"wp-block-image size-full\"><img loading=\"lazy\" decoding=\"async\" width=\"300\" height=\"210\" src=\"https:\/\/apollopurjeet.fi\/wp-content\/uploads\/2026\/03\/image-15.jpeg\" alt=\"\" class=\"wp-image-116\"\/><\/figure>\n\n\n\n<figure class=\"wp-block-image size-full\"><img loading=\"lazy\" decoding=\"async\" width=\"300\" height=\"210\" src=\"https:\/\/apollopurjeet.fi\/wp-content\/uploads\/2026\/03\/image-16.jpeg\" alt=\"\" class=\"wp-image-117\"\/><\/figure>\n<\/div>\n\n\n\n<div style=\"height:79px\" aria-hidden=\"true\" class=\"wp-block-spacer\"><\/div>\n<\/div>\n\n<p>Vi tillverkar specialanpassade segel\u00f6verdrag f\u00f6r segelb\u00e5tar. Vi erbjuder Lazy Bag-system, bom\u00f6verdrag och rullgenua\u00f6verdrag som skyddar segel fr\u00e5n UV-str\u00e5lning, fukt och vindbelastning. Vi anv\u00e4nder h\u00f6gkvalitativ Masacril\u00ae akrylv\u00e4v som \u00e4r v\u00e4derbest\u00e4ndig och bevarar sitt utseende. \u00d6verdragen tillverkas efter din b\u00e5ts dimensioner, vilket inneb\u00e4r att passformen och skyddet \u00e4r optimalt. Segel\u00f6verdrag f\u00f6rl\u00e4nger seglets livsl\u00e4ngd och g\u00f6r vardagen p\u00e5 vattnet enklare. Vi betj\u00e4nar seglare i Finland med professionalism, erfarenhet och seglingsanda.<\/p>\n","protected":false},"excerpt":{"rendered":"<p>Ett segel\u00f6verdrag f\u00f6rl\u00e4nger livsl\u00e4ngden p\u00e5 ditt segel Ett bra segel\u00f6verdrag skyddar seglet fr\u00e5n UV-str\u00e5lning, fukt och slitage n\u00e4r du inte \u00e4r p\u00e5 vattnet. Fr\u00e5n oss f\u00e5r du \u00f6verdrag som \u00e4r utformade efter din b\u00e5ts dimensioner och tillverkade av slitstarka material. N\u00e4r \u00f6verdraget fungerar fungerar segleth\u00e5ller. Lazy Bag \u2013 skydd och bekv\u00e4mlighet i ett paket Lazy [&hellip;]<\/p>\n","protected":false},"author":1,"featured_media":384,"parent":0,"menu_order":0,"comment_status":"closed","ping_status":"closed","template":"","meta":{"footnotes":""},"class_list":["post-385","page","type-page","status-publish","has-post-thumbnail","hentry"],"_links":{"self":[{"href":"https:\/\/apollopurjeet.fi\/sv\/wp-json\/wp\/v2\/pages\/385","targetHints":{"allow":["GET"]}}],"collection":[{"href":"https:\/\/apollopurjeet.fi\/sv\/wp-json\/wp\/v2\/pages"}],"about":[{"href":"https:\/\/apollopurjeet.fi\/sv\/wp-json\/wp\/v2\/types\/page"}],"author":[{"embeddable":true,"href":"https:\/\/apollopurjeet.fi\/sv\/wp-json\/wp\/v2\/users\/1"}],"replies":[{"embeddable":true,"href":"https:\/\/apollopurjeet.fi\/sv\/wp-json\/wp\/v2\/comments?post=385"}],"version-history":[{"count":1,"href":"https:\/\/apollopurjeet.fi\/sv\/wp-json\/wp\/v2\/pages\/385\/revisions"}],"predecessor-version":[{"id":386,"href":"https:\/\/apollopurjeet.fi\/sv\/wp-json\/wp\/v2\/pages\/385\/revisions\/386"}],"wp:featuredmedia":[{"embeddable":true,"href":"https:\/\/apollopurjeet.fi\/sv\/wp-json\/wp\/v2\/media\/384"}],"wp:attachment":[{"href":"https:\/\/apollopurjeet.fi\/sv\/wp-json\/wp\/v2\/media?parent=385"}],"curies":[{"name":"wp","href":"https:\/\/api.w.org\/{rel}","templated":true}]}}